{"id":10096,"date":"2023-12-18T01:31:15","date_gmt":"2023-12-18T00:31:15","guid":{"rendered":"https:\/\/filmforward.nl\/nieuw\/?page_id=10096"},"modified":"2024-12-26T15:34:59","modified_gmt":"2024-12-26T14:34:59","slug":"av-agenda","status":"publish","type":"page","link":"https:\/\/filmforward.nl\/oud\/over-filmforward\/av-agenda\/","title":{"rendered":"AV Agenda"},"content":{"rendered":"\t\t<div data-elementor-type=\"wp-page\" data-elementor-id=\"10096\" class=\"elementor elementor-10096\" data-elementor-post-type=\"page\">\n\t\t\t\t<div class=\"elementor-element elementor-element-2f1e0e6 e-flex e-con-boxed e-con e-parent\" data-id=\"2f1e0e6\" data-element_type=\"container\">\n\t\t\t\t\t<div class=\"e-con-inner\">\n\t\t<div class=\"elementor-element elementor-element-633db6d e-con-full e-flex e-con e-child\" data-id=\"633db6d\" data-element_type=\"container\">\n\t\t\t\t<div class=\"elementor-element elementor-element-3e32e0e elementor-absolute elementor-widget elementor-widget-html\" data-id=\"3e32e0e\" data-element_type=\"widget\" data-settings=\"{&quot;_position&quot;:&quot;absolute&quot;}\" data-widget_type=\"html.default\">\n\t\t\t\t<div class=\"elementor-widget-container\">\n\t\t\t\t\t<svg viewBox=\"0 0 500 275\" preserveAspectRatio=\"none\"\n    aria-hidden=\"true\"><path d=\"M500,0H0A607.46,607.46,0,0,0,67.19,275H222C374.27,275,498.33,151.93,500,0Z\"><\/path><\/svg>\t\t\t\t<\/div>\n\t\t\t\t<\/div>\n\t\t<div class=\"elementor-element elementor-element-21d658f e-con-full e-flex e-con e-child\" data-id=\"21d658f\" data-element_type=\"container\" data-settings=\"{&quot;background_background&quot;:&quot;classic&quot;}\">\n\t\t\t\t<\/div>\n\t\t\t\t<\/div>\n\t\t\t\t\t<\/div>\n\t\t\t\t<\/div>\n\t\t<div class=\"elementor-element elementor-element-6343238 e-flex e-con-boxed e-con e-parent\" data-id=\"6343238\" data-element_type=\"container\">\n\t\t\t\t\t<div class=\"e-con-inner\">\n\t\t\t\t<div class=\"elementor-element elementor-element-589fd82 elementor-widget__width-auto elementor-widget elementor-widget-button\" data-id=\"589fd82\" data-element_type=\"widget\" data-widget_type=\"button.default\">\n\t\t\t\t<div class=\"elementor-widget-container\">\n\t\t\t\t\t\t\t\t\t<div class=\"elementor-button-wrapper\">\n\t\t\t\t\t<a class=\"elementor-button elementor-button-link elementor-size-sm\" href=\"https:\/\/filmforward.nl\/oud\/over-filmforward\/\">\n\t\t\t\t\t\t<span class=\"elementor-button-content-wrapper\">\n\t\t\t\t\t\t\t\t\t<span class=\"elementor-button-text\">Learning community<\/span>\n\t\t\t\t\t<\/span>\n\t\t\t\t\t<\/a>\n\t\t\t\t<\/div>\n\t\t\t\t\t\t\t\t<\/div>\n\t\t\t\t<\/div>\n\t\t\t\t<div class=\"elementor-element elementor-element-8a67455 elementor-widget elementor-widget-heading\" data-id=\"8a67455\" data-element_type=\"widget\" data-widget_type=\"heading.default\">\n\t\t\t\t<div class=\"elementor-widget-container\">\n\t\t\t\t\t<h1 class=\"elementor-heading-title elementor-size-default\">AV-Agenda<\/h1>\t\t\t\t<\/div>\n\t\t\t\t<\/div>\n\t\t\t\t<div class=\"elementor-element elementor-element-94e1f2f elementor-widget elementor-widget-text-editor\" data-id=\"94e1f2f\" data-element_type=\"widget\" data-widget_type=\"text-editor.default\">\n\t\t\t\t<div class=\"elementor-widget-container\">\n\t\t\t\t\t\t\t\t\t<p><span style=\"font-weight: 400;\">D\u00e9 agenda voor Nederlandse AV-professionals, waar je alle relevante events in \u00e9\u00e9n oogopslag kunt vinden.<\/span><\/p><p><span style=\"font-weight: 400;\">In de AV-Agenda vind je bijeenkomsten van vakverenigingen, festivaldata, deadlines van fondsen en andere relevante evenementen. Deze agenda is een gezamenlijk initiatief van het Nederlands Film Festival (NFF), de Nederlandse Beroepsvereniging van Film- en televisiemakers (NBF) en FilmForward. In 2020 sloegen we de handen ineen om samen een evenementenagenda voor de gehele audiovisuele sector op te zetten: de AV-Agenda. Deze wordt momenteel bijgehouden door FilmForward en NBF.<\/span><\/p><p><span style=\"font-weight: 400;\">Wil je zelf een event toevoegen aan de AV-Agenda? Dat kan! Met onze handige handleiding kun je direct aan de slag.<\/span><\/p>\t\t\t\t\t\t\t\t<\/div>\n\t\t\t\t<\/div>\n\t\t\t\t<div class=\"elementor-element elementor-element-64c4ccb elementor-widget elementor-widget-button\" data-id=\"64c4ccb\" data-element_type=\"widget\" data-widget_type=\"button.default\">\n\t\t\t\t<div class=\"elementor-widget-container\">\n\t\t\t\t\t\t\t\t\t<div class=\"elementor-button-wrapper\">\n\t\t\t\t\t<a class=\"elementor-button elementor-button-link elementor-size-sm\" href=\"https:\/\/av-agenda.nl\" target=\"_blank\" rel=\"nofollow\">\n\t\t\t\t\t\t<span class=\"elementor-button-content-wrapper\">\n\t\t\t\t\t\t\t\t\t<span class=\"elementor-button-text\">Naar AV-agenda<\/span>\n\t\t\t\t\t<\/span>\n\t\t\t\t\t<\/a>\n\t\t\t\t<\/div>\n\t\t\t\t\t\t\t\t<\/div>\n\t\t\t\t<\/div>\n\t\t\t\t\t<\/div>\n\t\t\t\t<\/div>\n\t\t\t\t<\/div>\n\t\t","protected":false},"excerpt":{"rendered":"<p>Learning community AV-Agenda D\u00e9 agenda voor Nederlandse AV-professionals, waar je alle relevante events in \u00e9\u00e9n oogopslag kunt vinden. In de AV-Agenda vind je bijeenkomsten van vakverenigingen, festivaldata, deadlines van fondsen en andere relevante evenementen. Deze agenda is een gezamenlijk initiatief van het Nederlands Film Festival (NFF), de Nederlandse Beroepsvereniging van Film- en televisiemakers (NBF) en [&hellip;]<\/p>\n","protected":false},"author":1,"featured_media":0,"parent":12,"menu_order":3,"comment_status":"closed","ping_status":"closed","template":"","meta":{"_acf_changed":false,"footnotes":""},"class_list":["post-10096","page","type-page","status-publish","hentry"],"acf":[],"_links":{"self":[{"href":"https:\/\/filmforward.nl\/oud\/wp-json\/wp\/v2\/pages\/10096","targetHints":{"allow":["GET"]}}],"collection":[{"href":"https:\/\/filmforward.nl\/oud\/wp-json\/wp\/v2\/pages"}],"about":[{"href":"https:\/\/filmforward.nl\/oud\/wp-json\/wp\/v2\/types\/page"}],"author":[{"embeddable":true,"href":"https:\/\/filmforward.nl\/oud\/wp-json\/wp\/v2\/users\/1"}],"replies":[{"embeddable":true,"href":"https:\/\/filmforward.nl\/oud\/wp-json\/wp\/v2\/comments?post=10096"}],"version-history":[{"count":7,"href":"https:\/\/filmforward.nl\/oud\/wp-json\/wp\/v2\/pages\/10096\/revisions"}],"predecessor-version":[{"id":26373,"href":"https:\/\/filmforward.nl\/oud\/wp-json\/wp\/v2\/pages\/10096\/revisions\/26373"}],"up":[{"embeddable":true,"href":"https:\/\/filmforward.nl\/oud\/wp-json\/wp\/v2\/pages\/12"}],"wp:attachment":[{"href":"https:\/\/filmforward.nl\/oud\/wp-json\/wp\/v2\/media?parent=10096"}],"curies":[{"name":"wp","href":"https:\/\/api.w.org\/{rel}","templated":true}]}}