{"id":29249,"date":"2025-07-08T10:24:58","date_gmt":"2025-07-08T08:24:58","guid":{"rendered":"https:\/\/filmforward.nl\/?post_type=product&#038;p=29249"},"modified":"2025-11-02T16:09:06","modified_gmt":"2025-11-02T15:09:06","slug":"animatiemeetuparco","status":"publish","type":"product","link":"https:\/\/filmforward.nl\/oud\/product\/animatiemeetuparco\/","title":{"rendered":"Animatie Meet-up met een vertoning van Arco (2025)"},"content":{"rendered":"\t\t<div data-elementor-type=\"product-post\" data-elementor-id=\"29249\" class=\"elementor elementor-29249\" data-elementor-post-type=\"product\">\n\t\t\t\t<div class=\"elementor-element elementor-element-c25d92d e-flex e-con-boxed e-con e-parent\" data-id=\"c25d92d\" data-element_type=\"container\">\n\t\t\t\t\t<div class=\"e-con-inner\">\n\t\t\t\t<div class=\"elementor-element elementor-element-904b345 elementor-widget elementor-widget-text-editor\" data-id=\"904b345\" data-element_type=\"widget\" data-widget_type=\"text-editor.default\">\n\t\t\t\t<div class=\"elementor-widget-container\">\n\t\t\t\t\t\t\t\t\t<p><b>Als onderdeel van de Vrijplaats Animatie die eerder dit jaar van start ging presenteren FilmForward en Kaboom Animation Festival een meet-up voor animatie professionals. Met een screening van Ugo Bienvenu\u2019s Arco, een nagesprek \u00e9n een borrel. Let op: de voertaal van dit programma is Engels.<\/b><\/p>\t\t\t\t\t\t\t\t<\/div>\n\t\t\t\t<\/div>\n\t\t\t\t<div class=\"elementor-element elementor-element-41f0be2 elementor-widget elementor-widget-text-editor\" data-id=\"41f0be2\" data-element_type=\"widget\" data-widget_type=\"text-editor.default\">\n\t\t\t\t<div class=\"elementor-widget-container\">\n\t\t\t\t\t\t\t\t\t<p>In 2075, a ten year old girl, Iris, witnesses Arco, a mysterious boy in a rainbow suit, fall from the sky. Arco comes from an idyllic far future where time travel is possible. Becoming fast friends, the two young children embark on a thrilling adventure to return Arco safely back to his home.<\/p><p>Arco is Ugo Bienvenu\u2019s first feature film. Watch the trailer for Arco\u00a0<a href=\"https:\/\/www.youtube.com\/watch?v=UNUkW6ywV-c\">here<\/a>.\u00a0The animation was in the Official Selection at the 2025 Cannes Film Festival, subsequently winning the Cristal for Best Film at the Annecy International Animation Film Festival, as well as Best Film at the Champs-Elys\u00e9es Film Festival. Arco had its Dutch premiere last week at Cinekid Festival in Amsterdam.<\/p><p>For this Animation meet-up we\u2019re screening Arco exclusively in LAB111 with and for animation professionals. There will be an after talk and networking drinks after the film. This meet-up is open to all animation professionals, whether you\u2019ve been in the industry for over 20 years or just finished your first film. Other film professionals and cinephiles are welcome too.<\/p><p>The Animation Meet-Up is a joint effort by FilmForward and Kaboom Animation Festival, as part of the public programming for the Vrijplaats Animation: FilmForwards\u2019 yearly residency trajectory that is all about animation this year. The programme is co-sponsored by VEVAM Fonds. This event is made possible by Goodfellas and Independent Films.<\/p><p><b>Practical info<br \/><\/b>Date: Thursday 4 December<br \/>Time: 19.00 to 21.00 (film, after talk, and drinks)<br \/>Location: LAB111, Arie Biemondstraat 111, Amsterdam<br \/>Costs: 11,50 euro excl. VAT, including a drink<\/p><p><b>About director Ugo Bienvenu<br \/><\/b>Ugo Bienvenu is a Paris-based illustrator, director, screenwriter, comic book author, producer, publisher, art director, and entrepreneur. Raised in Guatemala, Chad, and Mexico, he moved to France at 15 to study at \u00c9cole Estienne, later attending Gobelins, CalArts, Les Arts D\u00e9coratifs de Paris, and Animation Sans Fronti\u00e8res.<\/p><p>As an illustrator, he has worked with major press outlets, publishers, musicians, and luxury brands. Since 2019, he has illustrated and designed extensively for Herm\u00e8s. His acclaimed comic book Pr\u00e9f\u00e9rence Syst\u00e8me won the Angoul\u00eame Critics\u2019 Prize in 2019.<\/p><p>As a publisher, he has released works by over a dozen contemporary artists and contributed to the revival of M\u00e9tal Hurlant. Through his production company Remembers, co-founded with Felix de Givry, he has produced numerous films, music videos (The Strokes, Polo and Pan, The Weeknd), series (Canal+), and advertising campaigns (Herm\u00e8s, Chanel, Tiffany, and Louis Vuitton). He has also co-produced feature films by Bertrand Bonello and F\u00e9lix de Givry.<\/p><p>As a director, Bienvenu premiered his first feature film Arco as an Official Selection at the 2025 Cannes Film Festival, subsequently winning the Cristal for Best Film at the Annecy International Animation Film Festival, as well as Best Film at the Champs-Elys\u00e9es Film Festival.<\/p>\t\t\t\t\t\t\t\t<\/div>\n\t\t\t\t<\/div>\n\t\t\t\t\t<\/div>\n\t\t\t\t<\/div>\n\t\t<div class=\"elementor-element elementor-element-6f4f9d1 e-flex e-con-boxed e-con e-parent\" data-id=\"6f4f9d1\" data-element_type=\"container\">\n\t\t\t\t\t<div class=\"e-con-inner\">\n\t\t\t\t\t<\/div>\n\t\t\t\t<\/div>\n\t\t\t\t<\/div>\n\t\t","protected":false},"excerpt":{"rendered":"<p>Als onderdeel van de Vrijplaats Animatie die eerder dit jaar van start ging presenteren FilmForward en Kaboom Animation Festival een meet-up voor animatie professionals. Met een screening van Ugo Bienvenu\u2019s Arco, een nagesprek \u00e9n een borrel. Let op: de voertaal van dit programma is Engels. In 2075, a ten year old girl, Iris, witnesses Arco, [&hellip;]<\/p>\n","protected":false},"featured_media":29216,"template":"","meta":{"_acf_changed":false},"product_brand":[],"product_cat":[115],"product_tag":[],"class_list":{"0":"post-29249","1":"product","2":"type-product","3":"status-publish","4":"has-post-thumbnail","6":"product_cat-geen-categorie","8":"first","9":"instock","10":"taxable","11":"shipping-taxable","12":"purchasable","13":"product-type-simple"},"acf":[],"_links":{"self":[{"href":"https:\/\/filmforward.nl\/oud\/wp-json\/wp\/v2\/product\/29249","targetHints":{"allow":["GET"]}}],"collection":[{"href":"https:\/\/filmforward.nl\/oud\/wp-json\/wp\/v2\/product"}],"about":[{"href":"https:\/\/filmforward.nl\/oud\/wp-json\/wp\/v2\/types\/product"}],"version-history":[{"count":19,"href":"https:\/\/filmforward.nl\/oud\/wp-json\/wp\/v2\/product\/29249\/revisions"}],"predecessor-version":[{"id":29504,"href":"https:\/\/filmforward.nl\/oud\/wp-json\/wp\/v2\/product\/29249\/revisions\/29504"}],"wp:featuredmedia":[{"embeddable":true,"href":"https:\/\/filmforward.nl\/oud\/wp-json\/wp\/v2\/media\/29216"}],"wp:attachment":[{"href":"https:\/\/filmforward.nl\/oud\/wp-json\/wp\/v2\/media?parent=29249"}],"wp:term":[{"taxonomy":"product_brand","embeddable":true,"href":"https:\/\/filmforward.nl\/oud\/wp-json\/wp\/v2\/product_brand?post=29249"},{"taxonomy":"product_cat","embeddable":true,"href":"https:\/\/filmforward.nl\/oud\/wp-json\/wp\/v2\/product_cat?post=29249"},{"taxonomy":"product_tag","embeddable":true,"href":"https:\/\/filmforward.nl\/oud\/wp-json\/wp\/v2\/product_tag?post=29249"}],"curies":[{"name":"wp","href":"https:\/\/api.w.org\/{rel}","templated":true}]}}