{"id":909,"date":"2020-10-01T01:09:25","date_gmt":"2020-09-30T23:09:25","guid":{"rendered":"https:\/\/filmforward.nl\/?post_type=workshop&#038;p=909"},"modified":"2024-11-04T14:48:10","modified_gmt":"2024-11-04T13:48:10","slug":"post-production-workshop","status":"publish","type":"product","link":"https:\/\/filmforward.nl\/oud\/product\/post-production-workshop\/","title":{"rendered":"Post-production Workshop"},"content":{"rendered":"\t\t<div data-elementor-type=\"wp-post\" data-elementor-id=\"909\" class=\"elementor elementor-909\" data-elementor-post-type=\"product\">\n\t\t\t\t<div class=\"elementor-element elementor-element-5d4f476d e-con-full e-flex e-con e-parent\" data-id=\"5d4f476d\" data-element_type=\"container\">\n\t\t\t\t<div class=\"elementor-element elementor-element-359deac0 elementor-widget elementor-widget-heading\" data-id=\"359deac0\" data-element_type=\"widget\" data-widget_type=\"heading.default\">\n\t\t\t\t<div class=\"elementor-widget-container\">\n\t\t\t\t\t<h3 class=\"elementor-heading-title elementor-size-default\">Over de workshop<\/h3>\t\t\t\t<\/div>\n\t\t\t\t<\/div>\n\t\t\t\t<div class=\"elementor-element elementor-element-453dcc32 elementor-widget elementor-widget-text-editor\" data-id=\"453dcc32\" data-element_type=\"widget\" data-widget_type=\"text-editor.default\">\n\t\t\t\t<div class=\"elementor-widget-container\">\n\t\t\t\t\t\t\t\t\t<p>De workshop is een 6-daagse training met plenaire sessies, groepswerk en individueel overleg met trainers. Tijdens deze intensieve training krijgen deelnemers een beter begrip van de technische, financi\u00eble en creatieve aspecten van postproductie met een focus op de uitdagingen van de internationale coproductieomgeving, leidend tot een gedetailleerd postproductieplan, planning en budget voor elk project. De workshop wordt gegeven in het Engels.<\/p><p>Deze workshop wordt georganiseerd in samenwerking met APostLab en zal de 11e editie zijn van de jaarlijkse Post-Production Workshop die online zal plaatsvinden in januari 2021. Om het reguliere 6-daagse programma af te stemmen op de Covid-19 maatregelen, zal de komende workshop vindt online plaats over een periode van drie weekenden, op de volgende data:<\/p><ul><li>Online weekend # 1: vr 8 &#8211; za 9 januari 2021<\/li><li>Online weekend # 2: vr 15 &#8211; za 16 januari 2021<\/li><li>Meeting event Maastricht: vr 22 &#8211; za 23 januari 2021<\/li><\/ul>\t\t\t\t\t\t\t\t<\/div>\n\t\t\t\t<\/div>\n\t\t\t\t<div class=\"elementor-element elementor-element-7fcb4208 elementor-widget elementor-widget-n-accordion\" data-id=\"7fcb4208\" data-element_type=\"widget\" data-settings=\"{&quot;default_state&quot;:&quot;all_collapsed&quot;,&quot;max_items_expended&quot;:&quot;multiple&quot;,&quot;n_accordion_animation_duration&quot;:{&quot;unit&quot;:&quot;ms&quot;,&quot;size&quot;:400,&quot;sizes&quot;:[]}}\" data-widget_type=\"nested-accordion.default\">\n\t\t\t\t<div class=\"elementor-widget-container\">\n\t\t\t\t\t\t\t<div class=\"e-n-accordion\" aria-label=\"Accordion. Open links with Enter or Space, close with Escape, and navigate with Arrow Keys\">\n\t\t\t\t\t\t<details id=\"e-n-accordion-item-2140\" class=\"e-n-accordion-item\" >\n\t\t\t\t<summary class=\"e-n-accordion-item-title\" data-accordion-index=\"1\" tabindex=\"0\" aria-expanded=\"false\" aria-controls=\"e-n-accordion-item-2140\" >\n\t\t\t\t\t<span class='e-n-accordion-item-title-header'><div class=\"e-n-accordion-item-title-text\"> Online training format <\/div><\/span>\n\t\t\t\t\t\t\t<span class='e-n-accordion-item-title-icon'>\n\t\t\t<span class='e-opened' ><svg aria-hidden=\"true\" class=\"e-font-icon-svg e-fas-angle-up\" viewBox=\"0 0 320 512\" xmlns=\"http:\/\/www.w3.org\/2000\/svg\"><path d=\"M177 159.7l136 136c9.4 9.4 9.4 24.6 0 33.9l-22.6 22.6c-9.4 9.4-24.6 9.4-33.9 0L160 255.9l-96.4 96.4c-9.4 9.4-24.6 9.4-33.9 0L7 329.7c-9.4-9.4-9.4-24.6 0-33.9l136-136c9.4-9.5 24.6-9.5 34-.1z\"><\/path><\/svg><\/span>\n\t\t\t<span class='e-closed'><svg aria-hidden=\"true\" class=\"e-font-icon-svg e-fas-angle-down\" viewBox=\"0 0 320 512\" xmlns=\"http:\/\/www.w3.org\/2000\/svg\"><path d=\"M143 352.3L7 216.3c-9.4-9.4-9.4-24.6 0-33.9l22.6-22.6c9.4-9.4 24.6-9.4 33.9 0l96.4 96.4 96.4-96.4c9.4-9.4 24.6-9.4 33.9 0l22.6 22.6c9.4 9.4 9.4 24.6 0 33.9l-136 136c-9.2 9.4-24.4 9.4-33.8 0z\"><\/path><\/svg><\/span>\n\t\t<\/span>\n\n\t\t\t\t\t\t<\/summary>\n\t\t\t\t<div role=\"region\" aria-labelledby=\"e-n-accordion-item-2140\" class=\"elementor-element elementor-element-2616ec14 e-con-full e-flex e-con e-child\" data-id=\"2616ec14\" data-element_type=\"container\">\n\t\t\t\t<div class=\"elementor-element elementor-element-12ae66ae elementor-widget elementor-widget-text-editor\" data-id=\"12ae66ae\" data-element_type=\"widget\" data-widget_type=\"text-editor.default\">\n\t\t\t\t<div class=\"elementor-widget-container\">\n\t\t\t\t\t\t\t\t\t<section><p>Als reactie op de Covid-19 pandemie wordt de workshop omgevormd tot een online training met als doel een trainingservaring te cre\u00ebren die meer is dan alleen een lange lijst van Zoom calls of webinars verspreid over meerdere weekenden.<\/p><p>In plaats van de gebruikelijke twee, worden de deelnemers ingedeeld in drie kleinere groepen, worden de sessies korter, worden er meer pauzes gepland en wordt de workshop over meerdere dagen gespreid om binnen acceptabele schermtijdlimieten te blijven.<\/p><p>Er komt een virtuele koffiemachine en er wordt meer trainingstijd besteed aan coaching en \u00e9\u00e9n-op-\u00e9\u00e9n tijd tussen de deelnemers en de trainers \/ coaches om de interactiviteit op het hoogst mogelijke niveau te houden.<\/p><\/section><section><\/section>\t\t\t\t\t\t\t\t<\/div>\n\t\t\t\t<\/div>\n\t\t\t\t<\/div>\n\t\t\t\t\t<\/details>\n\t\t\t\t\t\t<details id=\"e-n-accordion-item-2141\" class=\"e-n-accordion-item\" >\n\t\t\t\t<summary class=\"e-n-accordion-item-title\" data-accordion-index=\"2\" tabindex=\"-1\" aria-expanded=\"false\" aria-controls=\"e-n-accordion-item-2141\" >\n\t\t\t\t\t<span class='e-n-accordion-item-title-header'><div class=\"e-n-accordion-item-title-text\"> Voor wie <\/div><\/span>\n\t\t\t\t\t\t\t<span class='e-n-accordion-item-title-icon'>\n\t\t\t<span class='e-opened' ><svg aria-hidden=\"true\" class=\"e-font-icon-svg e-fas-angle-up\" viewBox=\"0 0 320 512\" xmlns=\"http:\/\/www.w3.org\/2000\/svg\"><path d=\"M177 159.7l136 136c9.4 9.4 9.4 24.6 0 33.9l-22.6 22.6c-9.4 9.4-24.6 9.4-33.9 0L160 255.9l-96.4 96.4c-9.4 9.4-24.6 9.4-33.9 0L7 329.7c-9.4-9.4-9.4-24.6 0-33.9l136-136c9.4-9.5 24.6-9.5 34-.1z\"><\/path><\/svg><\/span>\n\t\t\t<span class='e-closed'><svg aria-hidden=\"true\" class=\"e-font-icon-svg e-fas-angle-down\" viewBox=\"0 0 320 512\" xmlns=\"http:\/\/www.w3.org\/2000\/svg\"><path d=\"M143 352.3L7 216.3c-9.4-9.4-9.4-24.6 0-33.9l22.6-22.6c9.4-9.4 24.6-9.4 33.9 0l96.4 96.4 96.4-96.4c9.4-9.4 24.6-9.4 33.9 0l22.6 22.6c9.4 9.4 9.4 24.6 0 33.9l-136 136c-9.2 9.4-24.4 9.4-33.8 0z\"><\/path><\/svg><\/span>\n\t\t<\/span>\n\n\t\t\t\t\t\t<\/summary>\n\t\t\t\t<div role=\"region\" aria-labelledby=\"e-n-accordion-item-2141\" class=\"elementor-element elementor-element-42b2b22b e-con-full e-flex e-con e-child\" data-id=\"42b2b22b\" data-element_type=\"container\">\n\t\t\t\t<div class=\"elementor-element elementor-element-6933177f elementor-widget elementor-widget-text-editor\" data-id=\"6933177f\" data-element_type=\"widget\" data-widget_type=\"text-editor.default\">\n\t\t\t\t<div class=\"elementor-widget-container\">\n\t\t\t\t\t\t\t\t\t<section><div><div><div><p>De workshop staat open voor:<\/p><ul><li>producenten met een internationaal gecoproduceerde speelfilm of tv-serie in de fase van ontwikkeling, financiering of pre-productie.<\/li><li>supervisors van de postproductie die zelfstandig werken of met een postfaciliteit \/ op het kantoor van een filmproducent.<\/li><\/ul><p>Het maximale aantal deelnemers is 32.<\/p><\/div><\/div><\/div><\/section><section><\/section>\t\t\t\t\t\t\t\t<\/div>\n\t\t\t\t<\/div>\n\t\t\t\t<\/div>\n\t\t\t\t\t<\/details>\n\t\t\t\t\t\t<details id=\"e-n-accordion-item-2142\" class=\"e-n-accordion-item\" >\n\t\t\t\t<summary class=\"e-n-accordion-item-title\" data-accordion-index=\"3\" tabindex=\"-1\" aria-expanded=\"false\" aria-controls=\"e-n-accordion-item-2142\" >\n\t\t\t\t\t<span class='e-n-accordion-item-title-header'><div class=\"e-n-accordion-item-title-text\"> Groepsleiders <\/div><\/span>\n\t\t\t\t\t\t\t<span class='e-n-accordion-item-title-icon'>\n\t\t\t<span class='e-opened' ><svg aria-hidden=\"true\" class=\"e-font-icon-svg e-fas-angle-up\" viewBox=\"0 0 320 512\" xmlns=\"http:\/\/www.w3.org\/2000\/svg\"><path d=\"M177 159.7l136 136c9.4 9.4 9.4 24.6 0 33.9l-22.6 22.6c-9.4 9.4-24.6 9.4-33.9 0L160 255.9l-96.4 96.4c-9.4 9.4-24.6 9.4-33.9 0L7 329.7c-9.4-9.4-9.4-24.6 0-33.9l136-136c9.4-9.5 24.6-9.5 34-.1z\"><\/path><\/svg><\/span>\n\t\t\t<span class='e-closed'><svg aria-hidden=\"true\" class=\"e-font-icon-svg e-fas-angle-down\" viewBox=\"0 0 320 512\" xmlns=\"http:\/\/www.w3.org\/2000\/svg\"><path d=\"M143 352.3L7 216.3c-9.4-9.4-9.4-24.6 0-33.9l22.6-22.6c9.4-9.4 24.6-9.4 33.9 0l96.4 96.4 96.4-96.4c9.4-9.4 24.6-9.4 33.9 0l22.6 22.6c9.4 9.4 9.4 24.6 0 33.9l-136 136c-9.2 9.4-24.4 9.4-33.8 0z\"><\/path><\/svg><\/span>\n\t\t<\/span>\n\n\t\t\t\t\t\t<\/summary>\n\t\t\t\t<div role=\"region\" aria-labelledby=\"e-n-accordion-item-2142\" class=\"elementor-element elementor-element-482fbb47 e-con-full e-flex e-con e-child\" data-id=\"482fbb47\" data-element_type=\"container\">\n\t\t\t\t<div class=\"elementor-element elementor-element-18cd62ec elementor-widget elementor-widget-text-editor\" data-id=\"18cd62ec\" data-element_type=\"widget\" data-widget_type=\"text-editor.default\">\n\t\t\t\t<div class=\"elementor-widget-container\">\n\t\t\t\t\t\t\t\t\t<section id=\"opzet\" class=\"section\"><div class=\"container\"><div class=\"\"><div class=\"\"><p>De deelnemers worden ingedeeld in drie groepen, die elk worden gemodereerd door twee groepsleiders, een producer en een supervisor na de productie. <span class=\"\" title=\"\">De groepsleiders van de workshop zijn:<\/span><\/p><ul><li>Antoine Simkine, producer, Les Films d`Antoine (Frankrijk)<\/li><li>Ewa Puszczy\u0144ska, producer, Extreme Emotions (Polen)<\/li><li>Roshanak Behesht Nedjad, producer, In Good Company (Duitsland)<\/li><li>Niko Remus, freelance post-production supervisor (Duitsland)<\/li><li>Neeltje van der Heijden, freelance post-production supervisor (Nederland)<\/li><li>Thomas L\u00fcdemann, post-production supervisor, Netflix (Duitsland)<\/li><\/ul><\/div><\/div><\/div><\/section><section id=\"vragen\" class=\"section\"><\/section>\t\t\t\t\t\t\t\t<\/div>\n\t\t\t\t<\/div>\n\t\t\t\t<\/div>\n\t\t\t\t\t<\/details>\n\t\t\t\t\t\t<details id=\"e-n-accordion-item-2143\" class=\"e-n-accordion-item\" >\n\t\t\t\t<summary class=\"e-n-accordion-item-title\" data-accordion-index=\"4\" tabindex=\"-1\" aria-expanded=\"false\" aria-controls=\"e-n-accordion-item-2143\" >\n\t\t\t\t\t<span class='e-n-accordion-item-title-header'><div class=\"e-n-accordion-item-title-text\"> Praktische info <\/div><\/span>\n\t\t\t\t\t\t\t<span class='e-n-accordion-item-title-icon'>\n\t\t\t<span class='e-opened' ><svg aria-hidden=\"true\" class=\"e-font-icon-svg e-fas-angle-up\" viewBox=\"0 0 320 512\" xmlns=\"http:\/\/www.w3.org\/2000\/svg\"><path d=\"M177 159.7l136 136c9.4 9.4 9.4 24.6 0 33.9l-22.6 22.6c-9.4 9.4-24.6 9.4-33.9 0L160 255.9l-96.4 96.4c-9.4 9.4-24.6 9.4-33.9 0L7 329.7c-9.4-9.4-9.4-24.6 0-33.9l136-136c9.4-9.5 24.6-9.5 34-.1z\"><\/path><\/svg><\/span>\n\t\t\t<span class='e-closed'><svg aria-hidden=\"true\" class=\"e-font-icon-svg e-fas-angle-down\" viewBox=\"0 0 320 512\" xmlns=\"http:\/\/www.w3.org\/2000\/svg\"><path d=\"M143 352.3L7 216.3c-9.4-9.4-9.4-24.6 0-33.9l22.6-22.6c9.4-9.4 24.6-9.4 33.9 0l96.4 96.4 96.4-96.4c9.4-9.4 24.6-9.4 33.9 0l22.6 22.6c9.4 9.4 9.4 24.6 0 33.9l-136 136c-9.2 9.4-24.4 9.4-33.8 0z\"><\/path><\/svg><\/span>\n\t\t<\/span>\n\n\t\t\t\t\t\t<\/summary>\n\t\t\t\t<div role=\"region\" aria-labelledby=\"e-n-accordion-item-2143\" class=\"elementor-element elementor-element-36f537b e-con-full e-flex e-con e-child\" data-id=\"36f537b\" data-element_type=\"container\">\n\t\t\t\t<div class=\"elementor-element elementor-element-35b1dfe6 elementor-widget elementor-widget-text-editor\" data-id=\"35b1dfe6\" data-element_type=\"widget\" data-widget_type=\"text-editor.default\">\n\t\t\t\t<div class=\"elementor-widget-container\">\n\t\t\t\t\t\t\t\t\t<section><div><div><div><p>Met steun van het Nederlands Filmfonds komen maximaal 12 Nederlandse deelnemers automatisch in aanmerking voor gedeeltelijke vrijstelling van vergoeding en betalen daarom een gereduceerd tarief van 300 EUR + BTW. Aangezien de contributie al wordt gesponsord door het Nederlands Filmfonds, komen deelnemers niet in aanmerking voor aanvullende financi\u00eble steun uit dit fonds.<\/p><\/div><\/div><\/div><\/section><section><\/section>\t\t\t\t\t\t\t\t<\/div>\n\t\t\t\t<\/div>\n\t\t\t\t<\/div>\n\t\t\t\t\t<\/details>\n\t\t\t\t\t<\/div>\n\t\t\t\t\t\t<\/div>\n\t\t\t\t<\/div>\n\t\t\t\t<div class=\"elementor-element elementor-element-672fde99 elementor-widget elementor-widget-text-editor\" data-id=\"672fde99\" data-element_type=\"widget\" data-widget_type=\"text-editor.default\">\n\t\t\t\t<div class=\"elementor-widget-container\">\n\t\t\t\t\t\t\t\t\t<p>Foto \u00a9\u00a0Almicheal Fraay<\/p>\t\t\t\t\t\t\t\t<\/div>\n\t\t\t\t<\/div>\n\t\t\t\t<\/div>\n\t\t\t\t<\/div>\n\t\t","protected":false},"excerpt":{"rendered":"<p>Over de workshop De workshop is een 6-daagse training met plenaire sessies, groepswerk en individueel overleg met trainers. Tijdens deze intensieve training krijgen deelnemers een beter begrip van de technische, financi\u00eble en creatieve aspecten van postproductie met een focus op de uitdagingen van de internationale coproductieomgeving, leidend tot een gedetailleerd postproductieplan, planning en budget voor [&hellip;]<\/p>\n","protected":false},"featured_media":1276,"template":"","meta":{"_acf_changed":false},"product_brand":[],"product_cat":[],"product_tag":[],"class_list":{"0":"post-909","1":"product","2":"type-product","3":"status-publish","4":"has-post-thumbnail","7":"first","8":"instock","9":"taxable","10":"shipping-taxable","11":"product-type-simple"},"acf":[],"_links":{"self":[{"href":"https:\/\/filmforward.nl\/oud\/wp-json\/wp\/v2\/product\/909","targetHints":{"allow":["GET"]}}],"collection":[{"href":"https:\/\/filmforward.nl\/oud\/wp-json\/wp\/v2\/product"}],"about":[{"href":"https:\/\/filmforward.nl\/oud\/wp-json\/wp\/v2\/types\/product"}],"version-history":[{"count":1,"href":"https:\/\/filmforward.nl\/oud\/wp-json\/wp\/v2\/product\/909\/revisions"}],"predecessor-version":[{"id":25483,"href":"https:\/\/filmforward.nl\/oud\/wp-json\/wp\/v2\/product\/909\/revisions\/25483"}],"wp:featuredmedia":[{"embeddable":true,"href":"https:\/\/filmforward.nl\/oud\/wp-json\/wp\/v2\/media\/1276"}],"wp:attachment":[{"href":"https:\/\/filmforward.nl\/oud\/wp-json\/wp\/v2\/media?parent=909"}],"wp:term":[{"taxonomy":"product_brand","embeddable":true,"href":"https:\/\/filmforward.nl\/oud\/wp-json\/wp\/v2\/product_brand?post=909"},{"taxonomy":"product_cat","embeddable":true,"href":"https:\/\/filmforward.nl\/oud\/wp-json\/wp\/v2\/product_cat?post=909"},{"taxonomy":"product_tag","embeddable":true,"href":"https:\/\/filmforward.nl\/oud\/wp-json\/wp\/v2\/product_tag?post=909"}],"curies":[{"name":"wp","href":"https:\/\/api.w.org\/{rel}","templated":true}]}}